{"id":191,"date":"2024-05-29T00:17:02","date_gmt":"2024-05-29T00:17:02","guid":{"rendered":"https:\/\/arqwork.cl\/?page_id=191"},"modified":"2024-06-16T02:51:51","modified_gmt":"2024-06-16T02:51:51","slug":"contacto","status":"publish","type":"page","link":"https:\/\/arqwork.cl\/index.php\/contacto\/","title":{"rendered":"Contacto"},"content":{"rendered":"\n\t<section class=\"section dark has-parallax\" id=\"section_791744184\">\n\t\t<div class=\"section-bg fill\" data-parallax-container=\".section\" data-parallax-background data-parallax=\"-5\">\n\t\t\t<img loading=\"lazy\" decoding=\"async\" width=\"2095\" height=\"874\" src=\"https:\/\/arqwork.cl\/wp-content\/uploads\/2024\/05\/captura1.webp\" class=\"bg attachment-original size-original\" alt=\"\" \/>\t\t\t\t\t\t<div class=\"section-bg-overlay absolute fill\"><\/div>\n\t\t\t\n\n\t\t<\/div>\n\n\t\t\n\n\t\t<div class=\"section-content relative\">\n\t\t\t\n<div class=\"row align-right\"  id=\"row-16741405\">\n\n\t<div id=\"col-876101689\" class=\"col medium-12 small-12 large-7\"  >\n\t\t\t\t<div class=\"col-inner text-center\"  >\n\t\t\t\n\t\t\t\n\t<div id=\"gap-1119110386\" class=\"gap-element clearfix\" style=\"display:block; height:auto;\">\n\t\t\n<style>\n#gap-1119110386 {\n  padding-top: 30px;\n}\n<\/style>\n\t<\/div>\n\t\n\t<div id=\"text-1451270104\" class=\"text\">\n\t\t\n<h2 class=\"uppercase\">MISI\u00d3N y Visi\u00f3n<\/h2>\n\t\t\n<style>\n#text-1451270104 {\n  font-size: 1.65rem;\n  text-align: center;\n}\n@media (min-width:850px) {\n  #text-1451270104 {\n    text-align: right;\n  }\n}\n<\/style>\n\t<\/div>\n\t\n\t<div id=\"text-525226223\" class=\"text\">\n\t\t\n<p><span style=\"font-size: 110%;\">Nuestra misi\u00f3n es construir espacios que inspiren y perduren, acompa\u00f1ar a nuestros clientes en todo el proceso. Nos esforzamos por la innovaci\u00f3n y excelencia en la industria de la construcci\u00f3n<\/span><\/p>\n\t\t\n<style>\n#text-525226223 {\n  text-align: center;\n}\n@media (min-width:850px) {\n  #text-525226223 {\n    text-align: right;\n  }\n}\n<\/style>\n\t<\/div>\n\t\n\t\t<\/div>\n\t\t\t\t\n<style>\n#col-876101689 > .col-inner {\n  padding: 0px 0 0px 0px;\n}\n@media (min-width:550px) {\n  #col-876101689 > .col-inner {\n    padding: 0px 10% 0px 10%;\n  }\n}\n<\/style>\n\t<\/div>\n\n\t\n<\/div>\n\t\t<\/div>\n\n\t\t\n<style>\n#section_791744184 {\n  padding-top: 30px;\n  padding-bottom: 30px;\n  min-height: 500px;\n}\n#section_791744184 .section-bg-overlay {\n  background-color: rgba(0, 0, 0, 0.3);\n}\n#section_791744184 .section-bg img {\n  object-position: 83% 0%;\n}\n@media (min-width:550px) {\n  #section_791744184 .section-bg-overlay {\n    background-color: rgba(15, 15, 15, 0.616);\n  }\n}\n<\/style>\n\t<\/section>\n\t\n<div class=\"row row-large\" style=\"max-width:1400px\" id=\"row-640697805\">\n\n\t<div id=\"col-2009322088\" class=\"col small-12 large-12\"  >\n\t\t\t\t<div class=\"col-inner\" style=\"background-color:rgb(255, 255, 255);\" >\n\t\t\t\n\t\t\t\n<div class=\"row row-collapse row-full-width\"  id=\"row-1055966136\">\n\n\t<div id=\"col-1263402\" class=\"col medium-12 small-12 large-6\"  >\n\t\t\t\t<div class=\"col-inner\"  >\n\t\t\t\n\t\t\t\n<h2><span style=\"font-size: 120%;\">Cont\u00e1ctanos<\/span><\/h2>\n<p>HABLEMOS DE TU PROYECTO, ESCRIBENOS<\/p>\n\t<div id=\"gap-1149079914\" class=\"gap-element clearfix\" style=\"display:block; height:auto;\">\n\t\t\n<style>\n#gap-1149079914 {\n  padding-top: 20px;\n}\n@media (min-width:550px) {\n  #gap-1149079914 {\n    padding-top: 20px;\n  }\n}\n@media (min-width:850px) {\n  #gap-1149079914 {\n    padding-top: 30px;\n  }\n}\n<\/style>\n\t<\/div>\n\t\n<div class=\"row\"  id=\"row-2090001722\">\n\n\t<div id=\"col-2057673017\" class=\"col medium-6 small-12 large-6\"  >\n\t\t\t\t<div class=\"col-inner\"  >\n\t\t\t\n\t\t\t\n\t<div class=\"img has-hover x md-x lg-x y md-y lg-y\" id=\"image_167676291\">\n\t\t\t\t\t\t\t\t<div class=\"img-inner dark\" >\n\t\t\t<img loading=\"lazy\" decoding=\"async\" width=\"240\" height=\"240\" src=\"https:\/\/arqwork.cl\/wp-content\/uploads\/2024\/05\/map-pin-2-fill-2.png\" class=\"attachment-large size-large\" alt=\"\" srcset=\"https:\/\/arqwork.cl\/wp-content\/uploads\/2024\/05\/map-pin-2-fill-2.png 240w, https:\/\/arqwork.cl\/wp-content\/uploads\/2024\/05\/map-pin-2-fill-2-150x150.png 150w, https:\/\/arqwork.cl\/wp-content\/uploads\/2024\/05\/map-pin-2-fill-2-20x20.png 20w\" sizes=\"auto, (max-width: 240px) 100vw, 240px\" \/>\t\t\t\t\t\t\n\t\t\t\t\t<\/div>\n\t\t\t\t\t\t\t\t\n<style>\n#image_167676291 {\n  width: 15%;\n}\n@media (min-width:550px) {\n  #image_167676291 {\n    width: 20%;\n  }\n}\n<\/style>\n\t<\/div>\n\t\n<h3 class=\"uppercase\">DIRECCI\u00d3N<\/h3>\n<p>Las Condes, Santiago de Chile<br \/>Regi\u00f3n Metropolitana<\/p>\n\t\t<\/div>\n\t\t\t\t\t<\/div>\n\n\t\n\n\t<div id=\"col-1634606468\" class=\"col medium-5 small-12 large-6\"  >\n\t\t\t\t<div class=\"col-inner\"  >\n\t\t\t\n\t\t\t\n\t<div class=\"img has-hover x md-x lg-x y md-y lg-y\" id=\"image_1070953469\">\n\t\t\t\t\t\t\t\t<div class=\"img-inner dark\" >\n\t\t\t<img loading=\"lazy\" decoding=\"async\" width=\"240\" height=\"240\" src=\"https:\/\/arqwork.cl\/wp-content\/uploads\/2024\/05\/time-fill.png\" class=\"attachment-large size-large\" alt=\"\" srcset=\"https:\/\/arqwork.cl\/wp-content\/uploads\/2024\/05\/time-fill.png 240w, https:\/\/arqwork.cl\/wp-content\/uploads\/2024\/05\/time-fill-150x150.png 150w, https:\/\/arqwork.cl\/wp-content\/uploads\/2024\/05\/time-fill-20x20.png 20w\" sizes=\"auto, (max-width: 240px) 100vw, 240px\" \/>\t\t\t\t\t\t\n\t\t\t\t\t<\/div>\n\t\t\t\t\t\t\t\t\n<style>\n#image_1070953469 {\n  width: 15%;\n}\n@media (min-width:550px) {\n  #image_1070953469 {\n    width: 20%;\n  }\n}\n<\/style>\n\t<\/div>\n\t\n<h3 class=\"uppercase\">HORARIOS<\/h3>\n<p>Lun a Vie: 9am &#8211; 6pm<br \/>S\u00e1bado 9am &#8211; 6pm<\/p>\n\t\t<\/div>\n\t\t\t\t\t<\/div>\n\n\t\n<\/div>\n<div class=\"row\"  id=\"row-1215917920\">\n\n\t<div id=\"col-1501870083\" class=\"col medium-6 small-12 large-6\"  >\n\t\t\t\t<div class=\"col-inner\"  >\n\t\t\t\n\t\t\t\n\t<div class=\"img has-hover x md-x lg-x y md-y lg-y\" id=\"image_1040606916\">\n\t\t\t\t\t\t\t\t<div class=\"img-inner dark\" >\n\t\t\t<img loading=\"lazy\" decoding=\"async\" width=\"240\" height=\"240\" src=\"https:\/\/arqwork.cl\/wp-content\/uploads\/2024\/05\/mail-open-fill.png\" class=\"attachment-large size-large\" alt=\"\" srcset=\"https:\/\/arqwork.cl\/wp-content\/uploads\/2024\/05\/mail-open-fill.png 240w, https:\/\/arqwork.cl\/wp-content\/uploads\/2024\/05\/mail-open-fill-150x150.png 150w, https:\/\/arqwork.cl\/wp-content\/uploads\/2024\/05\/mail-open-fill-20x20.png 20w\" sizes=\"auto, (max-width: 240px) 100vw, 240px\" \/>\t\t\t\t\t\t\n\t\t\t\t\t<\/div>\n\t\t\t\t\t\t\t\t\n<style>\n#image_1040606916 {\n  width: 15%;\n}\n@media (min-width:550px) {\n  #image_1040606916 {\n    width: 20%;\n  }\n}\n<\/style>\n\t<\/div>\n\t\n<h3 class=\"uppercase\">E-mail<\/h3>\n<p>arqwork@arqwork.cl<\/p>\n\t\t<\/div>\n\t\t\t\t\t<\/div>\n\n\t\n\n\t<div id=\"col-1418274550\" class=\"col medium-6 small-12 large-6\"  >\n\t\t\t\t<div class=\"col-inner\"  >\n\t\t\t\n\t\t\t\n\t<div class=\"img has-hover x md-x lg-x y md-y lg-y\" id=\"image_446773596\">\n\t\t\t\t\t\t\t\t<div class=\"img-inner dark\" >\n\t\t\t<img loading=\"lazy\" decoding=\"async\" width=\"240\" height=\"240\" src=\"https:\/\/arqwork.cl\/wp-content\/uploads\/2024\/05\/phone-fill.png\" class=\"attachment-large size-large\" alt=\"\" srcset=\"https:\/\/arqwork.cl\/wp-content\/uploads\/2024\/05\/phone-fill.png 240w, https:\/\/arqwork.cl\/wp-content\/uploads\/2024\/05\/phone-fill-150x150.png 150w, https:\/\/arqwork.cl\/wp-content\/uploads\/2024\/05\/phone-fill-20x20.png 20w\" sizes=\"auto, (max-width: 240px) 100vw, 240px\" \/>\t\t\t\t\t\t\n\t\t\t\t\t<\/div>\n\t\t\t\t\t\t\t\t\n<style>\n#image_446773596 {\n  width: 15%;\n}\n@media (min-width:550px) {\n  #image_446773596 {\n    width: 20%;\n  }\n}\n<\/style>\n\t<\/div>\n\t\n<h3 class=\"uppercase\">TELEFONO<\/h3>\n<p>+56 9 5798 8610<\/p>\n\t\t<\/div>\n\t\t\t\t\t<\/div>\n\n\t\n<\/div>\n\t\t<\/div>\n\t\t\t\t\n<style>\n#col-1263402 > .col-inner {\n  padding: 0px 0px 0px 20px;\n}\n<\/style>\n\t<\/div>\n\n\t\n\n\t<div id=\"col-1733425385\" class=\"col medium-12 small-12 large-6\"  >\n\t\t\t\t<div class=\"col-inner\"  >\n\t\t\t\n\t\t\t\n<h2><span style=\"font-size: 27.648px;\">Env\u00edanos tus datos<\/span><\/h2>\n\t<div id=\"gap-168327404\" class=\"gap-element clearfix\" style=\"display:block; height:auto;\">\n\t\t\n<style>\n#gap-168327404 {\n  padding-top: 20px;\n}\n@media (min-width:550px) {\n  #gap-168327404 {\n    padding-top: 20px;\n  }\n}\n@media (min-width:850px) {\n  #gap-168327404 {\n    padding-top: 30px;\n  }\n}\n<\/style>\n\t<\/div>\n\t\n<div class=\"wpforms-container wpforms-container-full wpforms-render-modern\" id=\"wpforms-205\"><form id=\"wpforms-form-205\" class=\"wpforms-validate wpforms-form wpforms-ajax-form\" data-formid=\"205\" method=\"post\" enctype=\"multipart\/form-data\" action=\"\/index.php\/wp-json\/wp\/v2\/pages\/191\" data-token=\"7a3432d6fdf89097ce1517f738634463\" data-token-time=\"1776273688\"><noscript class=\"wpforms-error-noscript\">Please enable JavaScript in your browser to complete this form.<\/noscript><div class=\"wpforms-hidden\" id=\"wpforms-error-noscript\">Please enable JavaScript in your browser to complete this form.<\/div><div class=\"wpforms-field-container\"><div id=\"wpforms-205-field_0-container\" class=\"wpforms-field wpforms-field-name\" data-field-id=\"0\"><fieldset><legend class=\"wpforms-field-label\">Nombre <span class=\"wpforms-required-label\" aria-hidden=\"true\">*<\/span><\/legend><div class=\"wpforms-field-row wpforms-field-large\"><div class=\"wpforms-field-row-block wpforms-first wpforms-one-half\"><input type=\"text\" id=\"wpforms-205-field_0\" class=\"wpforms-field-name-first wpforms-field-required\" name=\"wpforms[fields][0][first]\" aria-errormessage=\"wpforms-205-field_0-error\" required><label for=\"wpforms-205-field_0\" class=\"wpforms-field-sublabel after\">First<\/label><\/div><div class=\"wpforms-field-row-block wpforms-one-half\"><input type=\"text\" id=\"wpforms-205-field_0-last\" class=\"wpforms-field-name-last wpforms-field-required\" name=\"wpforms[fields][0][last]\" aria-errormessage=\"wpforms-205-field_0-last-error\" required><label for=\"wpforms-205-field_0-last\" class=\"wpforms-field-sublabel after\">Last<\/label><\/div><\/div><\/fieldset><\/div><div id=\"wpforms-205-field_1-container\" class=\"wpforms-field wpforms-field-email\" data-field-id=\"1\"><label class=\"wpforms-field-label\" for=\"wpforms-205-field_1\">Email <span class=\"wpforms-required-label\" aria-hidden=\"true\">*<\/span><\/label><input type=\"email\" id=\"wpforms-205-field_1\" class=\"wpforms-field-large wpforms-field-required\" name=\"wpforms[fields][1]\" spellcheck=\"false\" aria-errormessage=\"wpforms-205-field_1-error\" required><\/div><div id=\"wpforms-205-field_2-container\" class=\"wpforms-field wpforms-field-textarea\" data-field-id=\"2\"><label class=\"wpforms-field-label\" for=\"wpforms-205-field_2\">Mensaje\/Solicitud<\/label><textarea id=\"wpforms-205-field_2\" class=\"wpforms-field-large\" name=\"wpforms[fields][2]\" aria-errormessage=\"wpforms-205-field_2-error\" ><\/textarea><\/div><\/div><!-- .wpforms-field-container --><div class=\"wpforms-submit-container\" ><input type=\"hidden\" name=\"wpforms[id]\" value=\"205\"><input type=\"hidden\" name=\"page_title\" value=\"\"><input type=\"hidden\" name=\"page_url\" value=\"https:\/\/arqwork.cl\/index.php\/wp-json\/wp\/v2\/pages\/191\"><button type=\"submit\" name=\"wpforms[submit]\" id=\"wpforms-submit-205\" class=\"wpforms-submit\" data-alt-text=\"Enviando\" data-submit-text=\"Enviar\" aria-live=\"assertive\" value=\"wpforms-submit\">Enviar<\/button><img loading=\"lazy\" decoding=\"async\" src=\"https:\/\/arqwork.cl\/wp-content\/plugins\/wpforms\/assets\/images\/submit-spin.svg\" class=\"wpforms-submit-spinner\" style=\"display: none;\" width=\"26\" height=\"26\" alt=\"Loading\"><\/div><\/form><\/div>  <!-- .wpforms-container -->\n\t\t<\/div>\n\t\t\t\t\t<\/div>\n\n\t\n\n<style>\n#row-1055966136 > .col > .col-inner {\n  padding: 0px 15px 0px 15px;\n}\n<\/style>\n<\/div>\n\t\t<\/div>\n\t\t\t\t\n<style>\n#col-2009322088 > .col-inner {\n  padding: 50px 20px 0px 20px;\n  margin: -0 0px 0px 0px;\n}\n@media (min-width:550px) {\n  #col-2009322088 > .col-inner {\n    padding: 50px 20px 30px 20px;\n    margin: 0 0px 0px 0px;\n  }\n}\n@media (min-width:850px) {\n  #col-2009322088 > .col-inner {\n    padding: 66px 5% 16px 5%;\n    margin: -135px 0px 0px 0px;\n  }\n}\n<\/style>\n\t<\/div>\n\n\t\n<\/div>\n  <div class=\"banner-grid-wrapper\">\n  <div id=\"banner-grid-761722351\" class=\"banner-grid row row-grid row-collapse row-full-width\" data-packery-options=\"\">\n                      \n<div class=\"col grid-col large-5 grid-col-1\" ><div class=\"col-inner\">\n\n  <div class=\"banner has-hover bg-overlay-remove-50\" id=\"banner-1591922947\">\n          <div class=\"banner-inner fill\">\n        <div class=\"banner-bg fill\" >\n            <img loading=\"lazy\" decoding=\"async\" width=\"596\" height=\"594\" src=\"https:\/\/arqwork.cl\/wp-content\/uploads\/2024\/05\/captura7.webp\" class=\"bg attachment-original size-original\" alt=\"\" \/>                        <div class=\"overlay\"><\/div>            \n                    <\/div>\n\t\t\n        <div class=\"banner-layers container\">\n            <div class=\"fill banner-link\"><\/div>            \n   <div id=\"text-box-511164844\" class=\"text-box banner-layer x5 md-x5 lg-x5 y5 md-y5 lg-y5 res-text\">\n                                <div class=\"text-box-content text \">\n              \n              <div class=\"text-inner text-left\">\n                  \n\t<div id=\"text-2902086525\" class=\"text\">\n\t\t\n<h2 class=\"uppercase\"><strong>TOMMY HILFIGER<\/strong><\/h2>\n<h3>Antofagasta<\/h3>\n\t\t\n<style>\n#text-2902086525 {\n  color: rgb(255,255,255);\n}\n#text-2902086525 > * {\n  color: rgb(255,255,255);\n}\n<\/style>\n\t<\/div>\n\t\n              <\/div>\n           <\/div>\n                            \n<style>\n#text-box-511164844 {\n  width: 60%;\n}\n#text-box-511164844 .text-box-content {\n  font-size: 100%;\n}\n@media (min-width:550px) {\n  #text-box-511164844 {\n    width: 67%;\n  }\n}\n<\/style>\n    <\/div>\n \n        <\/div>\n      <\/div>\n\n            \n<style>\n#banner-1591922947 {\n  padding-top: 161.88px;\n  background-color: rgb(255, 255, 255);\n}\n#banner-1591922947 .overlay {\n  background-color: rgba(0,0,0,.5);\n}\n#banner-1591922947 .banner-bg img {\n  object-position: 96% 73%;\n}\n<\/style>\n  <\/div>\n\n\n<\/div><\/div>\n<div class=\"col grid-col large-3 grid-col-1\" ><div class=\"col-inner\">\n\n  <div class=\"banner has-hover bg-overlay-remove-50\" id=\"banner-662951964\">\n          <div class=\"banner-inner fill\">\n        <div class=\"banner-bg fill\" >\n            <img loading=\"lazy\" decoding=\"async\" width=\"594\" height=\"593\" src=\"https:\/\/arqwork.cl\/wp-content\/uploads\/2024\/05\/captura4.webp\" class=\"bg attachment-large size-large\" alt=\"\" \/>                        <div class=\"overlay\"><\/div>            \n                    <\/div>\n\t\t\n        <div class=\"banner-layers container\">\n            <div class=\"fill banner-link\"><\/div>            \n   <div id=\"text-box-268920464\" class=\"text-box banner-layer x5 md-x5 lg-x5 y5 md-y5 lg-y5 res-text\">\n                                <div class=\"text-box-content text \">\n              \n              <div class=\"text-inner text-left\">\n                  \n\t<div id=\"text-4259132214\" class=\"text\">\n\t\t\n<h2 class=\"uppercase\"><strong>WILD LAMA<\/strong><\/h2>\n<h3>Parque Arauco<\/h3>\n\t\t\n<style>\n#text-4259132214 {\n  color: rgb(255,255,255);\n}\n#text-4259132214 > * {\n  color: rgb(255,255,255);\n}\n<\/style>\n\t<\/div>\n\t\n              <\/div>\n           <\/div>\n                            \n<style>\n#text-box-268920464 {\n  width: 60%;\n}\n#text-box-268920464 .text-box-content {\n  font-size: 100%;\n}\n@media (min-width:550px) {\n  #text-box-268920464 {\n    width: 40%;\n  }\n}\n<\/style>\n    <\/div>\n \n        <\/div>\n      <\/div>\n\n            \n<style>\n#banner-662951964 {\n  padding-top: 500px;\n  background-color: rgb(255, 255, 255);\n}\n#banner-662951964 .overlay {\n  background-color: rgba(0,0,0,.5);\n}\n#banner-662951964 .banner-bg img {\n  object-position: 90% 64%;\n}\n<\/style>\n  <\/div>\n\n\n<\/div><\/div>\n<div class=\"col grid-col large-4 grid-col-1-2\" ><div class=\"col-inner\">\n\n  <div class=\"banner has-hover bg-overlay-remove-50\" id=\"banner-1723612130\">\n          <div class=\"banner-inner fill\">\n        <div class=\"banner-bg fill\" >\n            <img loading=\"lazy\" decoding=\"async\" width=\"684\" height=\"492\" src=\"https:\/\/arqwork.cl\/wp-content\/uploads\/2024\/05\/captura8.webp\" class=\"bg attachment-large size-large\" alt=\"\" \/>                        <div class=\"overlay\"><\/div>            \n                    <\/div>\n\t\t\n        <div class=\"banner-layers container\">\n            <div class=\"fill banner-link\"><\/div>            \n   <div id=\"text-box-1762132809\" class=\"text-box banner-layer x5 md-x5 lg-x5 y90 md-y90 lg-y90 res-text\">\n                                <div class=\"text-box-content text \">\n              \n              <div class=\"text-inner text-left\">\n                  \n\t<div id=\"text-2239870234\" class=\"text\">\n\t\t\n<h2 class=\"uppercase\"><strong>TIENDA CARMELA<\/strong><\/h2>\n<h3>Nuevo Marina Arauco Vi\u00f1a del Mar<\/h3>\n\t\t\n<style>\n#text-2239870234 {\n  color: rgb(255,255,255);\n}\n#text-2239870234 > * {\n  color: rgb(255,255,255);\n}\n<\/style>\n\t<\/div>\n\t\n              <\/div>\n           <\/div>\n                            \n<style>\n#text-box-1762132809 {\n  width: 60%;\n}\n#text-box-1762132809 .text-box-content {\n  font-size: 100%;\n}\n@media (min-width:550px) {\n  #text-box-1762132809 {\n    width: 62%;\n  }\n}\n<\/style>\n    <\/div>\n \n        <\/div>\n      <\/div>\n\n            \n<style>\n#banner-1723612130 {\n  padding-top: 500px;\n  background-color: rgb(255, 255, 255);\n}\n#banner-1723612130 .overlay {\n  background-color: rgba(0,0,0,.5);\n}\n<\/style>\n  <\/div>\n\n\n<\/div><\/div>\n<div class=\"col grid-col large-4 grid-col-1-2\" ><div class=\"col-inner\">\n\n  <div class=\"banner has-hover bg-overlay-remove-50\" id=\"banner-1132051871\">\n          <div class=\"banner-inner fill\">\n        <div class=\"banner-bg fill\" >\n            <img loading=\"lazy\" decoding=\"async\" width=\"1012\" height=\"569\" src=\"https:\/\/arqwork.cl\/wp-content\/uploads\/2024\/05\/Captura9.webp\" class=\"bg attachment-large size-large\" alt=\"\" \/>                        <div class=\"overlay\"><\/div>            \n                    <\/div>\n\t\t\n        <div class=\"banner-layers container\">\n            <div class=\"fill banner-link\"><\/div>            \n   <div id=\"text-box-964638964\" class=\"text-box banner-layer x5 md-x5 lg-x5 y35 md-y35 lg-y35 res-text\">\n                                <div class=\"text-box-content text \">\n              \n              <div class=\"text-inner text-left\">\n                  \n\t<div id=\"text-2532819596\" class=\"text\">\n\t\t\n<h2 class=\"uppercase\"><strong>VOLCOM\/RIPCURL<\/strong><\/h2>\n<h3>Mall Plaza Norte<\/h3>\n\t\t\n<style>\n#text-2532819596 {\n  color: rgb(255,255,255);\n}\n#text-2532819596 > * {\n  color: rgb(255,255,255);\n}\n<\/style>\n\t<\/div>\n\t\n              <\/div>\n           <\/div>\n                            \n<style>\n#text-box-964638964 {\n  width: 60%;\n}\n#text-box-964638964 .text-box-content {\n  font-size: 100%;\n}\n@media (min-width:550px) {\n  #text-box-964638964 {\n    width: 58%;\n  }\n}\n<\/style>\n    <\/div>\n \n        <\/div>\n      <\/div>\n\n            \n<style>\n#banner-1132051871 {\n  padding-top: 500px;\n  background-color: rgb(255, 255, 255);\n}\n#banner-1132051871 .overlay {\n  background-color: rgba(0,0,0,.5);\n}\n<\/style>\n  <\/div>\n\n\n<\/div><\/div>\n            <\/div>\n    <style>\n    #banner-grid-761722351 .grid-col-1{height: 600px}\n    #banner-grid-761722351 .grid-col-1-2{height: 300px}\n    #banner-grid-761722351 .grid-col-1-3{height:200px}\n    #banner-grid-761722351 .grid-col-2-3{height: 400px}\n    #banner-grid-761722351 .grid-col-1-4{height: 150px}\n    #banner-grid-761722351 .grid-col-3-4{height: 450px}\n\n\n    \n    \n\n  <\/style>\n    <\/div>\n  \n","protected":false},"excerpt":{"rendered":"","protected":false},"author":1,"featured_media":0,"parent":0,"menu_order":0,"comment_status":"closed","ping_status":"closed","template":"page-transparent-header-light.php","meta":{"_joinchat":[],"footnotes":""},"class_list":["post-191","page","type-page","status-publish","hentry"],"_links":{"self":[{"href":"https:\/\/arqwork.cl\/index.php\/wp-json\/wp\/v2\/pages\/191","targetHints":{"allow":["GET"]}}],"collection":[{"href":"https:\/\/arqwork.cl\/index.php\/wp-json\/wp\/v2\/pages"}],"about":[{"href":"https:\/\/arqwork.cl\/index.php\/wp-json\/wp\/v2\/types\/page"}],"author":[{"embeddable":true,"href":"https:\/\/arqwork.cl\/index.php\/wp-json\/wp\/v2\/users\/1"}],"replies":[{"embeddable":true,"href":"https:\/\/arqwork.cl\/index.php\/wp-json\/wp\/v2\/comments?post=191"}],"version-history":[{"count":0,"href":"https:\/\/arqwork.cl\/index.php\/wp-json\/wp\/v2\/pages\/191\/revisions"}],"wp:attachment":[{"href":"https:\/\/arqwork.cl\/index.php\/wp-json\/wp\/v2\/media?parent=191"}],"curies":[{"name":"wp","href":"https:\/\/api.w.org\/{rel}","templated":true}]}}